{"id":4897,"date":"2025-12-31T12:21:46","date_gmt":"2025-12-31T12:21:46","guid":{"rendered":"https:\/\/whirlingdervishesistanbul.com.tr\/affiliate-disclosure\/"},"modified":"2026-02-06T14:45:43","modified_gmt":"2026-02-06T14:45:43","slug":"affiliate-disclosure","status":"publish","type":"page","link":"https:\/\/whirlingdervishesistanbul.com.tr\/de\/affiliate-disclosure\/","title":{"rendered":"Affiliate-Offenlegung"},"content":{"rendered":"<style>.kadence-column4897_196eaf-4e > .kt-inside-inner-col,.kadence-column4897_196eaf-4e > .kt-inside-inner-col:before{border-top-left-radius:0px;border-top-right-radius:0px;border-bottom-right-radius:0px;border-bottom-left-radius:0px;}.kadence-column4897_196eaf-4e > .kt-inside-inner-col{column-gap:var(--global-kb-gap-sm, 1rem);}.kadence-column4897_196eaf-4e > .kt-inside-inner-col{flex-direction:column;}.kadence-column4897_196eaf-4e > .kt-inside-inner-col > .aligncenter{width:100%;}.kadence-column4897_196eaf-4e > .kt-inside-inner-col:before{opacity:0.3;}.kadence-column4897_196eaf-4e{position:relative;}@media all and (max-width: 1024px){.kadence-column4897_196eaf-4e > .kt-inside-inner-col{flex-direction:column;justify-content:center;}}@media all and (max-width: 767px){.kadence-column4897_196eaf-4e > .kt-inside-inner-col{flex-direction:column;justify-content:center;}}<\/style>\n<div class=\"wp-block-kadence-column kadence-column4897_196eaf-4e alignfull\"><div class=\"kt-inside-inner-col\"><style>.kadence-column4897_fd7fec-43 > .kt-inside-inner-col{min-height:25vh;}.kadence-column4897_fd7fec-43 > .kt-inside-inner-col,.kadence-column4897_fd7fec-43 > .kt-inside-inner-col:before{border-top-left-radius:0px;border-top-right-radius:0px;border-bottom-right-radius:0px;border-bottom-left-radius:0px;}.kadence-column4897_fd7fec-43 > .kt-inside-inner-col{column-gap:var(--global-kb-gap-sm, 1rem);}.kadence-column4897_fd7fec-43 > .kt-inside-inner-col{flex-direction:column;}.kadence-column4897_fd7fec-43 > .kt-inside-inner-col > .aligncenter{width:100%;}.kadence-column4897_fd7fec-43 > .kt-inside-inner-col{background-image:url('https:\/\/whirlingdervishesistanbul.com.tr\/wp-content\/uploads\/2024\/04\/Whirling-Dervishes-Istanbul.jpg');background-size:cover;background-position:49% 10%;background-attachment:scroll;background-repeat:no-repeat;}.kadence-column4897_fd7fec-43 > .kt-inside-inner-col:before{opacity:0.3;}.kadence-column4897_fd7fec-43{position:relative;}@media all and (max-width: 1024px){.kadence-column4897_fd7fec-43 > .kt-inside-inner-col{flex-direction:column;justify-content:center;}}@media all and (max-width: 767px){.kadence-column4897_fd7fec-43 > .kt-inside-inner-col{flex-direction:column;justify-content:center;}}<\/style>\n<div class=\"wp-block-kadence-column kadence-column4897_fd7fec-43 kvs-lg-false kvs-md-false alignfull\"><div class=\"kt-inside-inner-col\"><\/div><\/div>\n\n\n<style>.kadence-column4897_38bac3-1a{max-width:595px;margin-left:auto;margin-right:auto;}.wp-block-kadence-column.kb-section-dir-horizontal:not(.kb-section-md-dir-vertical)>.kt-inside-inner-col>.kadence-column4897_38bac3-1a{-webkit-flex:0 1 595px;flex:0 1 595px;max-width:unset;margin-left:unset;margin-right:unset;}.kadence-column4897_38bac3-1a > .kt-inside-inner-col,.kadence-column4897_38bac3-1a > .kt-inside-inner-col:before{border-top-left-radius:0px;border-top-right-radius:0px;border-bottom-right-radius:0px;border-bottom-left-radius:0px;}.kadence-column4897_38bac3-1a > .kt-inside-inner-col{column-gap:var(--global-kb-gap-sm, 1rem);}.kadence-column4897_38bac3-1a > .kt-inside-inner-col{flex-direction:column;}.kadence-column4897_38bac3-1a > .kt-inside-inner-col > .aligncenter{width:100%;}.kadence-column4897_38bac3-1a > .kt-inside-inner-col:before{opacity:0.3;}.kadence-column4897_38bac3-1a{position:relative;}.kadence-column4897_38bac3-1a, .kt-inside-inner-col > .kadence-column4897_38bac3-1a:not(.specificity){margin-right:10vw;margin-left:10vw;}@media all and (min-width: 1025px){.wp-block-kadence-column.kb-section-dir-horizontal>.kt-inside-inner-col>.kadence-column4897_38bac3-1a{-webkit-flex:0 1 595px;flex:0 1 595px;max-width:unset;margin-left:unset;margin-right:unset;}}@media all and (max-width: 1024px){.kadence-column4897_38bac3-1a > .kt-inside-inner-col{flex-direction:column;justify-content:center;}}@media all and (max-width: 767px){.wp-block-kadence-column.kb-section-sm-dir-vertical:not(.kb-section-sm-dir-horizontal):not(.kb-section-sm-dir-specificity)>.kt-inside-inner-col>.kadence-column4897_38bac3-1a{max-width:595px;-webkit-flex:1;flex:1;margin-left:auto;margin-right:auto;}.kadence-column4897_38bac3-1a > .kt-inside-inner-col{flex-direction:column;justify-content:center;}}<\/style>\n<div class=\"wp-block-kadence-column kadence-column4897_38bac3-1a kvs-lg-false kvs-md-false pagetitlebox\"><div class=\"kt-inside-inner-col\"><style>.wp-block-kadence-advancedheading.kt-adv-heading4897_d9ec8b-c8, .wp-block-kadence-advancedheading.kt-adv-heading4897_d9ec8b-c8[data-kb-block=\"kb-adv-heading4897_d9ec8b-c8\"]{padding-top:var(--global-kb-spacing-md, 2rem);padding-right:var(--global-kb-spacing-md, 2rem);padding-bottom:var(--global-kb-spacing-md, 2rem);padding-left:var(--global-kb-spacing-md, 2rem);margin-top:-50px;text-align:center;font-size:var(--global-kb-font-size-md, 1.25rem);font-style:normal;background-color:#ffffff;border-top-left-radius:20px;border-top-right-radius:20px;border-bottom-right-radius:20px;border-bottom-left-radius:20px;}.wp-block-kadence-advancedheading.kt-adv-heading4897_d9ec8b-c8 mark.kt-highlight, .wp-block-kadence-advancedheading.kt-adv-heading4897_d9ec8b-c8[data-kb-block=\"kb-adv-heading4897_d9ec8b-c8\"] mark.kt-highlight{font-style:normal;color:#f76a0c;-webkit-box-decoration-break:clone;box-decoration-break:clone;padding-top:0px;padding-right:0px;padding-bottom:0px;padding-left:0px;}.wp-block-kadence-advancedheading.kt-adv-heading4897_d9ec8b-c8 img.kb-inline-image, .wp-block-kadence-advancedheading.kt-adv-heading4897_d9ec8b-c8[data-kb-block=\"kb-adv-heading4897_d9ec8b-c8\"] img.kb-inline-image{width:150px;vertical-align:baseline;}<\/style>\n<h2 class=\"kt-adv-heading4897_d9ec8b-c8 wp-block-kadence-advancedheading has-kb-palette-0-color has-text-color\" data-kb-block=\"kb-adv-heading4897_d9ec8b-c8\"><strong><strong>Affiliate-Offenlegung<\/strong><\/strong><\/h2>\n<\/div><\/div>\n\n\n<style>.kadence-column4897_1b0a45-5c > .kt-inside-inner-col{min-height:45vh;}.kadence-column4897_1b0a45-5c > .kt-inside-inner-col,.kadence-column4897_1b0a45-5c > .kt-inside-inner-col:before{border-top-left-radius:0px;border-top-right-radius:0px;border-bottom-right-radius:0px;border-bottom-left-radius:0px;}.kadence-column4897_1b0a45-5c > .kt-inside-inner-col{column-gap:var(--global-kb-gap-sm, 1rem);}.kadence-column4897_1b0a45-5c > .kt-inside-inner-col{flex-direction:column;}.kadence-column4897_1b0a45-5c > .kt-inside-inner-col > .aligncenter{width:100%;}.kadence-column4897_1b0a45-5c > .kt-inside-inner-col{background-image:url('https:\/\/whirlingdervishesistanbul.com.tr\/wp-content\/uploads\/2024\/04\/Whirling-Dervishes-Istanbul.jpg');background-size:cover;background-position:49% 10%;background-attachment:scroll;background-repeat:no-repeat;}.kadence-column4897_1b0a45-5c > .kt-inside-inner-col:before{opacity:0.3;}.kadence-column4897_1b0a45-5c{position:relative;}@media all and (max-width: 1024px){.kadence-column4897_1b0a45-5c > .kt-inside-inner-col{flex-direction:column;justify-content:center;}}@media all and (max-width: 767px){.kadence-column4897_1b0a45-5c > .kt-inside-inner-col{flex-direction:column;justify-content:center;}}<\/style>\n<div class=\"wp-block-kadence-column kadence-column4897_1b0a45-5c kvs-sm-false alignfull\"><div class=\"kt-inside-inner-col\"><\/div><\/div>\n\n\n<style>.kadence-column4897_bb3de0-ec{max-width:595px;margin-left:auto;margin-right:auto;}.wp-block-kadence-column.kb-section-dir-horizontal:not(.kb-section-md-dir-vertical)>.kt-inside-inner-col>.kadence-column4897_bb3de0-ec{-webkit-flex:0 1 595px;flex:0 1 595px;max-width:unset;margin-left:unset;margin-right:unset;}.kadence-column4897_bb3de0-ec > .kt-inside-inner-col,.kadence-column4897_bb3de0-ec > .kt-inside-inner-col:before{border-top-left-radius:0px;border-top-right-radius:0px;border-bottom-right-radius:0px;border-bottom-left-radius:0px;}.kadence-column4897_bb3de0-ec > .kt-inside-inner-col{column-gap:var(--global-kb-gap-sm, 1rem);}.kadence-column4897_bb3de0-ec > .kt-inside-inner-col{flex-direction:column;}.kadence-column4897_bb3de0-ec > .kt-inside-inner-col > .aligncenter{width:100%;}.kadence-column4897_bb3de0-ec > .kt-inside-inner-col:before{opacity:0.3;}.kadence-column4897_bb3de0-ec{position:relative;}@media all and (min-width: 1025px){.wp-block-kadence-column.kb-section-dir-horizontal>.kt-inside-inner-col>.kadence-column4897_bb3de0-ec{-webkit-flex:0 1 595px;flex:0 1 595px;max-width:unset;margin-left:unset;margin-right:unset;}}@media all and (max-width: 1024px){.kadence-column4897_bb3de0-ec > .kt-inside-inner-col{flex-direction:column;justify-content:center;}}@media all and (max-width: 767px){.wp-block-kadence-column.kb-section-sm-dir-vertical:not(.kb-section-sm-dir-horizontal):not(.kb-section-sm-dir-specificity)>.kt-inside-inner-col>.kadence-column4897_bb3de0-ec{max-width:595px;-webkit-flex:1;flex:1;margin-left:auto;margin-right:auto;}.kadence-column4897_bb3de0-ec > .kt-inside-inner-col{flex-direction:column;justify-content:center;}}<\/style>\n<div class=\"wp-block-kadence-column kadence-column4897_bb3de0-ec kvs-sm-false pagetitlebox\"><div class=\"kt-inside-inner-col\"><style>.wp-block-kadence-advancedheading.kt-adv-heading4897_2f6b0c-b3, .wp-block-kadence-advancedheading.kt-adv-heading4897_2f6b0c-b3[data-kb-block=\"kb-adv-heading4897_2f6b0c-b3\"]{padding-top:var(--global-kb-spacing-md, 2rem);padding-right:var(--global-kb-spacing-md, 2rem);padding-bottom:var(--global-kb-spacing-md, 2rem);padding-left:var(--global-kb-spacing-md, 2rem);margin-top:-50px;text-align:center;font-style:normal;background-color:#ffffff;border-top-left-radius:20px;border-top-right-radius:20px;border-bottom-right-radius:20px;border-bottom-left-radius:20px;}.wp-block-kadence-advancedheading.kt-adv-heading4897_2f6b0c-b3 mark.kt-highlight, .wp-block-kadence-advancedheading.kt-adv-heading4897_2f6b0c-b3[data-kb-block=\"kb-adv-heading4897_2f6b0c-b3\"] mark.kt-highlight{font-style:normal;color:#f76a0c;-webkit-box-decoration-break:clone;box-decoration-break:clone;padding-top:0px;padding-right:0px;padding-bottom:0px;padding-left:0px;}.wp-block-kadence-advancedheading.kt-adv-heading4897_2f6b0c-b3 img.kb-inline-image, .wp-block-kadence-advancedheading.kt-adv-heading4897_2f6b0c-b3[data-kb-block=\"kb-adv-heading4897_2f6b0c-b3\"] img.kb-inline-image{width:150px;vertical-align:baseline;}<\/style>\n<h2 class=\"kt-adv-heading4897_2f6b0c-b3 wp-block-kadence-advancedheading has-kb-palette-0-color has-text-color\" data-kb-block=\"kb-adv-heading4897_2f6b0c-b3\"><strong><strong>Affiliate-Offenlegung<\/strong><\/strong><\/h2>\n<\/div><\/div>\n<\/div><\/div>\n\n\n<style>.kadence-column4897_242915-64 > .kt-inside-inner-col,.kadence-column4897_242915-64 > .kt-inside-inner-col:before{border-top-left-radius:0px;border-top-right-radius:0px;border-bottom-right-radius:0px;border-bottom-left-radius:0px;}.kadence-column4897_242915-64 > .kt-inside-inner-col{column-gap:var(--global-kb-gap-sm, 1rem);}.kadence-column4897_242915-64 > .kt-inside-inner-col{flex-direction:column;}.kadence-column4897_242915-64 > .kt-inside-inner-col > .aligncenter{width:100%;}.kadence-column4897_242915-64 > .kt-inside-inner-col:before{opacity:0.3;}.kadence-column4897_242915-64{position:relative;}@media all and (max-width: 1024px){.kadence-column4897_242915-64 > .kt-inside-inner-col{flex-direction:column;justify-content:center;}}@media all and (max-width: 767px){.kadence-column4897_242915-64 > .kt-inside-inner-col{flex-direction:column;justify-content:center;}}<\/style>\n<div class=\"wp-block-kadence-column kadence-column4897_242915-64 alignwide\"><div class=\"kt-inside-inner-col\">\n<p>Bei WhirlingDervishesIstanbul.com.tr ist es unser Ziel, Ihnen hochwertige Reiseinhalte zur Verf\u00fcgung zu stellen, die Ihnen bei der Planung und Gestaltung Ihrer Reisen helfen. Um unsere Bem\u00fchungen zur Pflege und Weiterentwicklung dieser Website zu unterst\u00fctzen, verwenden wir in unseren Inhalten Affiliate-Links. Das bedeutet, dass wir eine kleine Provision erhalten, wenn Sie sich \u00fcber einen der Links auf unserer Website f\u00fcr einen Kauf entscheiden. F\u00fcr Sie entstehen dabei keine zus\u00e4tzlichen Kosten, und Sie helfen uns dabei, die Inhalte kostenlos und aktuell zu halten.<\/p>\n\n\n\n<p><strong>Warum wir Affiliate-Links verwenden<\/strong><\/p>\n\n\n\n<p>Der Betrieb einer Website erfordert Zeit und Ressourcen, und Affiliate-Partnerschaften erm\u00f6glichen es uns, unsere Arbeit zu finanzieren. Es ist wichtig zu beachten, dass wir nur Produkte, Touren und Dienstleistungen empfehlen, von denen wir wirklich glauben, dass sie einen Mehrwert f\u00fcr Ihr Reiseerlebnis bieten. Wir w\u00e4hlen unsere Affiliate-Partner sorgf\u00e4ltig aus und \u00fcberpr\u00fcfen sie, um sicherzustellen, dass sie den Standards und Interessen unserer Leser entsprechen.<\/p>\n\n\n\n<p><strong>Partnerunternehmen<\/strong><\/p>\n\n\n\n<p>Zu unseren vertrauensw\u00fcrdigen Affiliate-Partnern z\u00e4hlen unter anderem:<\/p>\n\n\n\n<ul class=\"wp-block-list\">\n<li>GetYourGuide<\/li>\n\n\n\n<li>Tiqets<\/li>\n\n\n\n<li>Headout<\/li>\n\n\n\n<li>Viator<\/li>\n\n\n\n<li>Platinumlist<\/li>\n\n\n\n<li>Civitatis<\/li>\n\n\n\n<li>Holafly<\/li>\n\n\n\n<li>Booking.com<\/li>\n\n\n\n<li>Megapass<\/li>\n\n\n\n<li>Musement<\/li>\n<\/ul>\n\n\n\n<p>Bitte beachten Sie, dass wir diese Liste aktualisieren k\u00f6nnen, wenn wir Partnerschaften mit neuen Unternehmen eingehen, denen wir vertrauen und die wir empfehlen k\u00f6nnen.<\/p>\n\n\n\n<p><strong>Verpflichtung zur Ehrlichkeit<\/strong><\/p>\n\n\n\n<p>Wir m\u00f6chten, dass Sie Vertrauen in unsere Empfehlungen haben. Die Provisionen, die wir erhalten, unterst\u00fctzen zwar unsere Arbeit, haben jedoch keinerlei Einfluss auf die Inhalte, Themen oder Produkte, die wir empfehlen. Unser Hauptaugenmerk liegt darauf, Ihnen hilfreiche, ehrliche und genaue Informationen f\u00fcr Ihre Reisen zur Verf\u00fcgung zu stellen. Alle Produkte und Dienstleistungen, die wir empfehlen, w\u00fcrden wir auch selbst nutzen oder Freunden und Familienmitgliedern weiterempfehlen.<\/p>\n\n\n\n<p><strong>Ihre Unterst\u00fctzung ist wichtig<\/strong><\/p>\n\n\n\n<p>Durch die Nutzung unserer Affiliate-Links unterst\u00fctzen Sie die Inhalte und Ressourcen, die wir hier auf WhirlingDervishesIstanbul.com.tr anbieten, und wir sind Ihnen f\u00fcr Ihr Vertrauen und Ihre Unterst\u00fctzung sehr dankbar. So k\u00f6nnen wir Ihnen weiterhin Tipps, Ratgeber und Empfehlungen zur Verf\u00fcgung stellen, die Ihre Reiseabenteuer hoffentlich bereichern werden.<\/p>\n<\/div><\/div>\n\n\n\n<div style=\"color:#ddd\" class=\"wp-block-genesis-blocks-gb-spacer gb-block-spacer gb-divider-solid gb-divider-size-1\"><hr style=\"height:30px\"\/><\/div>\n","protected":false},"excerpt":{"rendered":"<p>Affiliate-Offenlegung Affiliate-Offenlegung Bei WhirlingDervishesIstanbul.com.tr ist es unser Ziel, Ihnen hochwertige Reiseinhalte zur Verf\u00fcgung zu stellen, die Ihnen bei der Planung und Gestaltung Ihrer Reisen helfen. Um unsere Bem\u00fchungen zur Pflege und Weiterentwicklung dieser Website zu unterst\u00fctzen, verwenden wir in unseren Inhalten Affiliate-Links. Das bedeutet, dass wir eine kleine Provision erhalten, wenn Sie sich \u00fcber einen [&hellip;]<\/p>\n","protected":false},"author":2,"featured_media":3004,"parent":0,"menu_order":0,"comment_status":"closed","ping_status":"closed","template":"","meta":{"_genesis_hide_title":false,"_genesis_hide_breadcrumbs":false,"_genesis_hide_singular_image":false,"_genesis_hide_footer_widgets":false,"_genesis_custom_body_class":"","_genesis_custom_post_class":"","_genesis_layout":"","footnotes":""},"class_list":{"0":"post-4897","1":"page","2":"type-page","3":"status-publish","4":"has-post-thumbnail","6":"entry"},"featured_image_src":"https:\/\/whirlingdervishesistanbul.com.tr\/wp-content\/uploads\/2024\/04\/Whirling-Dervishes-Istanbul-600x400.jpg","featured_image_src_square":"https:\/\/whirlingdervishesistanbul.com.tr\/wp-content\/uploads\/2024\/04\/Whirling-Dervishes-Istanbul-600x600.jpg","_links":{"self":[{"href":"https:\/\/whirlingdervishesistanbul.com.tr\/de\/wp-json\/wp\/v2\/pages\/4897","targetHints":{"allow":["GET"]}}],"collection":[{"href":"https:\/\/whirlingdervishesistanbul.com.tr\/de\/wp-json\/wp\/v2\/pages"}],"about":[{"href":"https:\/\/whirlingdervishesistanbul.com.tr\/de\/wp-json\/wp\/v2\/types\/page"}],"author":[{"embeddable":true,"href":"https:\/\/whirlingdervishesistanbul.com.tr\/de\/wp-json\/wp\/v2\/users\/2"}],"replies":[{"embeddable":true,"href":"https:\/\/whirlingdervishesistanbul.com.tr\/de\/wp-json\/wp\/v2\/comments?post=4897"}],"version-history":[{"count":1,"href":"https:\/\/whirlingdervishesistanbul.com.tr\/de\/wp-json\/wp\/v2\/pages\/4897\/revisions"}],"predecessor-version":[{"id":4899,"href":"https:\/\/whirlingdervishesistanbul.com.tr\/de\/wp-json\/wp\/v2\/pages\/4897\/revisions\/4899"}],"wp:featuredmedia":[{"embeddable":true,"href":"https:\/\/whirlingdervishesistanbul.com.tr\/de\/wp-json\/wp\/v2\/media\/3004"}],"wp:attachment":[{"href":"https:\/\/whirlingdervishesistanbul.com.tr\/de\/wp-json\/wp\/v2\/media?parent=4897"}],"curies":[{"name":"wp","href":"https:\/\/api.w.org\/{rel}","templated":true}]}}